{"id":518,"date":"2023-10-11T07:32:46","date_gmt":"2023-10-11T07:32:46","guid":{"rendered":"https:\/\/en.nailympia.asia\/?page_id=518"},"modified":"2023-10-11T07:32:47","modified_gmt":"2023-10-11T07:32:47","slug":"salon-nails","status":"publish","type":"page","link":"https:\/\/en.nailympia.asia\/index.php\/nailympia-vietnam-2024\/vietnam-nailympia-competition-2024\/rules-and-regulations\/arena\/salon-nails\/","title":{"rendered":"SALON NAILS"},"content":{"rendered":"\n<div class=\"wp-block-group is-layout-constrained wp-container-core-group-layout-1 wp-block-group-is-layout-constrained\">\n<h5 class=\"wp-block-heading\"><strong>BOTH HANDS \/ 60 min<\/strong><\/h5>\n\n\n\n<ol style=\"line-height:1.8\">\n<li>H\u00e3y th\u1ec3 hi\u1ec7n kh\u1ea3 n\u0103ng h\u00e0ng ng\u00e0y c\u1ee7a b\u1ea1n , l\u00e0m m\u00f3ng t\u1ea1i ti\u1ec7m: t\u1ea1o ra nh\u1eefng b\u1ed9 m\u00f3ng<br>h\u00e0ng ng\u00e0y ph\u1ee5c v\u1ee5 cho nh\u1eefng kh\u00e1ch h\u00e0ng t\u1ea1i ti\u1ec7m.<\/li>\n\n\n\n<li>H\u00e3y ch\u1ecdn m\u1ed9t trong c\u00e1c ki\u1ec3u sau : m\u00f3ng b\u1ed9t (L&amp;P Acrylic) , m\u00f3ng form ( Sculpting Gel),<br>s\u1ee3i th\u1ee7y tinh, s\u1ea3n ph\u1ea9m k\u1ebft h\u1ee3p ; sau \u0111\u00f3 t\u1ea1o h\u00ecnh, phong c\u00e1ch v\u00e0 k\u00e9o d\u00e0i m\u00f3ng theo \u00fd th\u00edch.<\/li>\n\n\n\n<li>C\u00f3 60 ph\u00fat \u0111\u1ec3 ho\u00e0n th\u00e0nh ph\u1ea7n thi tr\u00ean c\u1ea3 2 b\u00e0n tay.<\/li>\n\n\n\n<li>Kh\u00f4ng s\u1eed d\u1ee5ng n\u01b0\u1edbc s\u01a1n m\u00f3ng gel ho\u1eb7c b\u1ed9t nh\u00fang.<\/li>\n\n\n\n<li>\u0110\u1ed9 d\u00e0i m\u00f3ng kh\u00f4ng \u0111\u01b0\u1ee3c d\u00e0i h\u01a1n 50% chi\u1ec1u d\u00e0i phau m\u00f3ng tay.<\/li>\n\n\n\n<li>T\u1ea1o \u0111\u1ed9 d\u00e0i b\u1eb1ng form ho\u1eb7c tip.<\/li>\n\n\n\n<li>C\u00f3 th\u1ec3 t\u1ea1o d\u00e1ng m\u00f3ng tay ki\u1ec3u h\u00ecnh h\u1ea1t h\u1ea1nh nh\u00e2n (almond), h\u00ecnh b\u1ea7u d\u1ee5c (oval), h\u00ecnh<br>vu\u00f4ng (square) ho\u1eb7c h\u00ecnh vu\u00f4ng g\u00f3c (squoval).<\/li>\n\n\n\n<li>Hairline ( \u0110\u01b0\u1eddng t\u00f3c, kho\u1ea3ng c\u00e1ch t\u1eeb da \u0111\u1ebfn m\u00f3ng) ko d\u00e0y h\u01a1n 1 t\u1ea5m card.<\/li>\n\n\n\n<li>Ch\u1ec9 \u0111\u01b0\u1ee3c s\u1eed d\u1ee5ng k\u1ef9 thu\u1eadt n\u1ed1i m\u00f3ng b\u1eb1ng form ho\u1eb7c d\u00e1n m\u00f3ng gi\u1ea3, ho\u1eb7c tr\u00ean chi\u1ec1u d\u00e0i<br>m\u00f3ng th\u1eadt. KH\u00d4NG \u0111\u01b0\u1ee3c ph\u00e9p s\u1eed d\u1ee5ng khu\u00f4n ho\u1eb7c khu\u00f4n \u0111\u01b0\u1ee3c ghi l\u00e0 c\u00e1c lo\u1ea1i khu\u00f4n m\u00f3ng.<\/li>\n\n\n\n<li>Kh\u00f4ng s\u1eed d\u1ee5ng m\u00f3ng gi\u1ea3 m\u00e0u tr\u1eafng, ch\u1ec9 d\u00f9ng m\u00f3ng gi\u1ea3 clear ho\u1eb7c natural.<\/li>\n\n\n\n<li>Th\u00ed sinh ph\u1ea3i s\u1eed d\u1ee5ng c\u00e1c s\u1ea3n ph\u1ea9m chuy\u00ean nghi\u1ec7p.<\/li>\n\n\n\n<li>KH\u00d4NG \u0111\u01b0\u1ee3c ph\u00e9p s\u1eed d\u1ee5ng b\u1ea5t k\u1ef3 lo\u1ea1i s\u01a1n m\u00f3ng c\u00f3 ch\u1ee9a h\u1ea1t l\u1ea5p l\u00e1nh, b\u1ed9t m\u00e0u, ch\u1ea5t<br>ph\u1ee5 gia, vv. &#8211; c\u00e1c gi\u00e1m kh\u1ea3o mong mu\u1ed1n b\u1ed9 m\u00f3ng t\u1ef1 nhi\u00ean nh\u1ea5t ph\u00f9 h\u1ee3p v\u1edbi h\u00ecnh d\u00e1ng<br>tay v\u00e0 tone da. (L\u01b0u \u00fd: tr\u1eeb cho ng\u00f3n tay \u0111eo nh\u1eabn)&#8221;<\/li>\n\n\n\n<li>B\u1ed9t ho\u1eb7c gel c\u00f3 m\u00e0u s\u1eafc t\u1ef1 nhi\u00ean , gi\u00fap che khuy\u1ebfn \u0111i\u1ec3m ho\u1eb7c l\u00e0m \u0111\u1ec1u m\u00e0u m\u00f3ng c\u00f3 th\u1ec3 s\u1eed d\u1ee5ng.<\/li>\n\n\n\n<li>Kh\u00f4ng \u0111\u01b0\u1ee3c s\u1eed d\u1ee5ng h\u1ea1t trang tr\u00ed ho\u1eb7c c\u00e1c s\u1ea3n ph\u1ea9m trang tr\u00ed b\u00ean d\u01b0\u1edbi m\u00f3ng tay ( embellishment<br>or encapsulation) &#8211; C\u00e1c gi\u00e1m kh\u1ea3o mu\u1ed1n th\u1ea5y c\u00e1c b\u1ed9 m\u00f3ng \u0111\u01b0\u1ee3c t\u1ef1 do s\u00e1ng t\u1ea1o nh\u01b0ng tr\u00f4ng t\u1ef1 nhi\u00ean,<br>c\u00f3 h\u00ecnh d\u00e1ng b\u1ea5t k\u1ef3. Th\u00ed sinh \u0111\u01b0\u1ee3c ch\u1ecdn h\u00ecnh d\u00e1ng ph\u00f9 h\u1ee3p nh\u1ea5t v\u1edbi c\u00e1c ng\u00f3n tay v\u00e0 t\u00ecnh tr\u1ea1ng m\u00f3ng tay<br>(L\u01b0u \u00fd: Quy t\u1eafc n\u00e0y kh\u00f4ng \u00e1p d\u1ee5ng cho ng\u00f3n \u00e1p \u00fat).<\/li>\n\n\n\n<li>NG\u00d3N \u00c1P \u00daT s\u1ebd \u0111\u01b0\u1ee3c trang tr\u00ed \u0111\u1ec3 t\u1ea1o ra m\u1ed9t m\u00f3ng n\u1ed5i b\u1eadt. M\u00f3ng n\u00e0y ph\u1ea3i ph\u00f9 h\u1ee3p v\u1edbi<br>to\u00e0n b\u1ed9 thi\u1ebft k\u1ebf chung, kh\u00f4ng l\u00e0m m\u1ea5t \u0111i t\u00ednh n\u1ed5i b\u1eadt nh\u01b0ng v\u1eabn h\u00e0i h\u00f2a to\u00e0n b\u1ed9 thi\u1ebft k\u1ebf<br>v\u00e0 c\u00f3 th\u1ec3 \u0111\u01b0\u1ee3c trang tr\u00ed b\u1eb1ng b\u1ea5t k\u1ef3 c\u00e1ch n\u00e0o b\u1ea1n ch\u1ecdn.<\/li>\n\n\n\n<li>\u0110\u01b0\u1ee3c s\u1eed d\u1ee5ng c\u00e1c s\u1ea3n ph\u1ea9m v\u00e0 k\u1ef9 thu\u1eadt nh\u01b0 gi\u1ea5y b\u1ea1c (foils), kim tuy\u1ebfn (glitters), \u0111\u00e1 l\u1ea5p<br>l\u00e1nh (rhinestones), b\u1ed9t m\u00e0u (powders), v\u00e0 v\u1ebd (hand painting).&#8221;<\/li>\n\n\n\n<li>KH\u00d4NG \u0111\u01b0\u1ee3c s\u1eed d\u1ee5ng decal, \u1ee9ng d\u1ee5ng c\u00f3 s\u1eb5n v\u1edbi thi\u1ebft k\u1ebf ho\u1eb7c in \u1ea5n s\u1eb5n.<\/li>\n\n\n\n<li>Kh\u00f4ng \u0111\u01b0\u1ee3c ph\u00e9p s\u1eed d\u1ee5ng k\u1ef9 thu\u1eadt in \u1ea5n (stamping).<\/li>\n\n\n\n<li>Kh\u00f4ng \u0111\u01b0\u1ee3c chu\u1ea9n b\u1ecb tr\u01b0\u1edbc tr\u01b0\u1edbc khi cu\u1ed9c thi b\u1eaft \u0111\u1ea7u.<\/li>\n\n\n\n<li>Kh\u00f4ng \u0111\u01b0\u1ee3c s\u1eed d\u1ee5ng b\u1ea5t k\u1ef3 c\u00f4ng c\u1ee5 n\u00e0o \u0111\u1ec3 h\u1ed7 tr\u1ee3 t\u1ea1o \u0111\u01b0\u1eddng \u0111\u1ea7u m\u00f3ng tr\u1eafng h\u1ed3ng (smile<br>lines). \u0110\u01b0\u1eddng \u0111\u1ea7u m\u00f3ng tr\u1eafng h\u1ed3ng ph\u1ea3i \u0111\u01b0\u1ee3c t\u1ea1o ra b\u1eb1ng c\u1ecd v\u00e0\/ho\u1eb7c b\u1eb1ng tay. (KH\u00d4NG<br>\u0111\u01b0\u1ee3c ph\u00e9p s\u1eed d\u1ee5ng b\u1ea5t k\u1ef3 c\u00f4ng c\u1ee5 c\u1eaft n\u00e0o.)<\/li>\n\n\n\n<li>C\u00e1c s\u1ea3n ph\u1ea9m l\u00e0m s\u1ea1ch v\u00e0 d\u01b0\u1ee1ng \u1ea9m (d\u1ea7u, kem, lotion, vv.) \u0111\u01b0\u1ee3c ph\u00e9p s\u1eed d\u1ee5ng. Tuy<br>nhi\u00ean, vi\u1ec7c s\u1eed d\u1ee5ng qu\u00e1 nhi\u1ec1u d\u1ea7u kh\u00f4ng \u0111\u01b0\u1ee3c ph\u00e9p. C\u00e1c gi\u00e1m kh\u1ea3o s\u1ebd tr\u1eeb \u0111i\u1ec3m n\u1ebfu s\u1eed<br>d\u1ee5ng d\u1ea7u qu\u00e1 nhi\u1ec1u.<\/li>\n\n\n\n<li>C\u00e1c b\u1ed9 m\u00f3ng ph\u1ea3i \u0111\u01b0\u1ee3c ho\u00e0n thi\u1ec7n v\u1edbi ki\u1ec3u m\u00e0u t\u1ef1 nhi\u00ean ho\u1eb7c ki\u1ec3u tr\u1eafng &#8211; h\u1ed3ng French .<br>\u0110\u01b0\u1ee3c s\u1eed d\u1ee5ng l\u1edbp s\u01a1n b\u00f3ng v\u00e0 ch\u1ea5t b\u1ea3o v\u1ec7 nh\u01b0ng Kh\u00f4ng \u0111\u01b0\u1ee3c s\u01a1n m\u00f3ng tay m\u00e0u.<\/li>\n\n\n\n<li>L\u01b0u \u00fd &#8211; \u0110i\u1ec3m th\u01b0\u1edfng s\u1ebd \u0111\u01b0\u1ee3c c\u1ed9ng cho c\u00e1c \u0111\u01b0\u1eddng vi\u1ec1n c\u01b0\u1eddi ho\u1eb7c m\u00e0u h\u1ed3ng tr\u1eafng ho\u00e0n<br>h\u1ea3o &#8211; ki\u1ec3u m\u00f3ng baby boomer \/ ombre t\u1ea1o s\u1ef1 ho\u00e0 quy\u1ec7n v\u00e0 thu h\u00fat s\u1ebd \u0111\u01b0\u1ee3c \u0111\u00e1nh gi\u00e1 cao.<\/li>\n<\/ol>\n<\/div>\n","protected":false},"excerpt":{"rendered":"<p>BOTH HANDS \/ 60 min<\/p>\n","protected":false},"author":1,"featured_media":0,"parent":457,"menu_order":5,"comment_status":"closed","ping_status":"closed","template":"wp-custom-template-main-pages","meta":{"footnotes":""},"featured_image_urls":{"full":"","thumbnail":"","medium":"","medium_large":"","large":"","gs-tiny":"","xl":"","xxl":"","xxxl":"","xxxxl":"","xxxxxl":"","1536x1536":"","2048x2048":""},"post_excerpt_stackable":"<p>BOTH HANDS \/ 60 min H\u00e3y th\u1ec3 hi\u1ec7n kh\u1ea3 n\u0103ng h\u00e0ng ng\u00e0y c\u1ee7a b\u1ea1n , l\u00e0m m\u00f3ng t\u1ea1i ti\u1ec7m: t\u1ea1o ra nh\u1eefng b\u1ed9 m\u00f3ngh\u00e0ng ng\u00e0y ph\u1ee5c v\u1ee5 cho nh\u1eefng kh\u00e1ch h\u00e0ng t\u1ea1i ti\u1ec7m. H\u00e3y ch\u1ecdn m\u1ed9t trong c\u00e1c ki\u1ec3u sau : m\u00f3ng b\u1ed9t (L&amp;P Acrylic) , m\u00f3ng form ( Sculpting Gel),s\u1ee3i th\u1ee7y tinh, s\u1ea3n ph\u1ea9m k\u1ebft h\u1ee3p ; sau \u0111\u00f3 t\u1ea1o h\u00ecnh, phong c\u00e1ch v\u00e0 k\u00e9o d\u00e0i m\u00f3ng theo \u00fd th\u00edch. C\u00f3 60 ph\u00fat \u0111\u1ec3 ho\u00e0n th\u00e0nh ph\u1ea7n thi tr\u00ean c\u1ea3 2 b\u00e0n tay. Kh\u00f4ng s\u1eed d\u1ee5ng n\u01b0\u1edbc s\u01a1n m\u00f3ng gel ho\u1eb7c b\u1ed9t nh\u00fang. \u0110\u1ed9 d\u00e0i m\u00f3ng kh\u00f4ng \u0111\u01b0\u1ee3c d\u00e0i&hellip;<\/p>\n","category_list":"","author_info":{"name":"anhnguyen","url":"https:\/\/en.nailympia.asia\/index.php\/author\/anhnguyen\/"},"comments_num":"0 comments","aioseo_notices":[],"_links":{"self":[{"href":"https:\/\/en.nailympia.asia\/index.php\/wp-json\/wp\/v2\/pages\/518"}],"collection":[{"href":"https:\/\/en.nailympia.asia\/index.php\/wp-json\/wp\/v2\/pages"}],"about":[{"href":"https:\/\/en.nailympia.asia\/index.php\/wp-json\/wp\/v2\/types\/page"}],"author":[{"embeddable":true,"href":"https:\/\/en.nailympia.asia\/index.php\/wp-json\/wp\/v2\/users\/1"}],"replies":[{"embeddable":true,"href":"https:\/\/en.nailympia.asia\/index.php\/wp-json\/wp\/v2\/comments?post=518"}],"version-history":[{"count":1,"href":"https:\/\/en.nailympia.asia\/index.php\/wp-json\/wp\/v2\/pages\/518\/revisions"}],"predecessor-version":[{"id":519,"href":"https:\/\/en.nailympia.asia\/index.php\/wp-json\/wp\/v2\/pages\/518\/revisions\/519"}],"up":[{"embeddable":true,"href":"https:\/\/en.nailympia.asia\/index.php\/wp-json\/wp\/v2\/pages\/457"}],"wp:attachment":[{"href":"https:\/\/en.nailympia.asia\/index.php\/wp-json\/wp\/v2\/media?parent=518"}],"curies":[{"name":"wp","href":"https:\/\/api.w.org\/{rel}","templated":true}]}}