{"id":486,"date":"2023-10-11T06:23:02","date_gmt":"2023-10-11T06:23:02","guid":{"rendered":"https:\/\/en.nailympia.asia\/?page_id=486"},"modified":"2023-10-11T06:35:14","modified_gmt":"2023-10-11T06:35:14","slug":"extreme-nail-styling-poster","status":"publish","type":"page","link":"https:\/\/en.nailympia.asia\/index.php\/nailympia-vietnam-2024\/vietnam-nailympia-competition-2024\/rules-and-regulations\/online\/extreme-nail-styling-poster\/","title":{"rendered":"EXTREME NAIL STYLING POSTER"},"content":{"rendered":"\n<div class=\"wp-block-group is-layout-constrained wp-container-core-group-layout-1 wp-block-group-is-layout-constrained\">\n<h5 class=\"wp-block-heading\">\u25ba <strong>1 HAND \/ 5 NAILS \/ NO FACES \/ OVER 2 INCHES LENGTH \/ THEME:<\/strong><\/h5>\n\n\n\n<ol style=\"line-height:1.8\">\n<li>L\u01afU \u00dd: Thi online \u2013 Ch\u1ee5p 1 t\u1ea5m h\u00ecnh r\u00f5 \u0111\u1eb9p. K\u00edch th\u01b0\u1edbc b\u1eb1ng kh\u1ed5 gi\u1ea5y A2 v\u00e0 gi\u1edbi thi\u1ec7u<br>t\u00e1c ph\u1ea9m b\u1eb1ng ti\u1ebfng Anh d\u00e0i 30 t\u1eeb, g\u1edfi \u0111\u1ebfn Ban t\u1ed5 ch\u1ee9c Nailympia \u0110\u1ee9c tr\u01b0\u1edbc ng\u00e0y 1<br>th\u00e1ng 2 n\u0103m 2023.<\/li>\n\n\n\n<li>T\u1ea5t c\u1ea3 c\u00e1c t\u00e1c ph\u1ea9m tham gia cu\u1ed9c thi \u0111\u1ea3m b\u1ea3o ch\u01b0a t\u1eebng tham gia Nailympia tr\u01b0\u1edbc \u0111\u00f3.<br>T\u00e1c ph\u1ea9m d\u1ef1 thi ch\u1ec9 \u0111\u01b0\u1ee3c \u0111\u0103ng k\u00fd d\u1ef1 thi trong cu\u1ed9c thi n\u00e0y. T\u00e1c ph\u1ea9m ph\u1ea3i l\u00e0 \u1ea3nh g\u1ed1c<br>ch\u01b0a t\u1eebng \u0111\u01b0\u1ee3c c\u00f4ng b\u1ed1 ho\u1eb7c hi\u1ec3n th\u1ecb c\u00f4ng khai tr\u00ean c\u00e1c ph\u01b0\u01a1ng ti\u1ec7n truy\u1ec1n th\u00f4ng ho\u1eb7c<br>m\u1ea1ng x\u00e3 h\u1ed9i.<\/li>\n\n\n\n<li>\u0110i\u1ec3m s\u1ed1 s\u1ebd \u0111\u01b0\u1ee3c \u0111\u00e1nh gi\u00e1 cho s\u1ef1 h\u00e0i h\u00f2a c\u1ee7a t\u00e1c ph\u1ea9m v\u00e0 \u0111\u01b0\u1ee3c trao cho vi\u1ec7c ho\u00e0n thi\u1ec7n<br>m\u00f3ng tay v\u00e0 y\u1ebfu t\u1ed1 t\u1ed5ng th\u1ec3 t\u1ed1t. Phong c\u00e1ch, ph\u00f4ng n\u1ec1n v\u00e0 ch\u1ee7 \u0111\u1ec1 c\u1ee7a t\u00e1c ph\u1ea9m c\u0169ng s\u1ebd<br>\u0111\u01b0\u1ee3c \u0111\u00e1nh gi\u00e1.<\/li>\n\n\n\n<li>H\u00e3y c\u00e2n nh\u1eafc vi\u1ec7c s\u1eed d\u1ee5ng m\u00e0u s\u1eafc v\u00e0 thi\u1ebft k\u1ebf \u0111\u1ec3 t\u1ea1o n\u00ean m\u1ed9t poster \u1ea5n t\u01b0\u1ee3ng, \u0111\u1eadm ch\u1ea5t<br>ngh\u1ec7 thu\u1eadt, gi\u1ed1ng nh\u01b0 m\u1ed9t b\u1ee9c \u1ea3nh tr\u00ean trang b\u00eca c\u1ee7a m\u1ed9t t\u1ea1p ch\u00ed chuy\u00ean ng\u00e0nh nails.<\/li>\n\n\n\n<li>Vi\u1ec7c ho\u00e0n thi\u1ec7n tr\u00ean m\u00f3ng tay c\u00f3 th\u1ec3 s\u1eed d\u1ee5ng b\u1ea5t k\u1ef3 ph\u01b0\u01a1ng ti\u1ec7n n\u00e0o. \u0110\u00e2y l\u00e0 c\u01a1 h\u1ed9i \u0111\u1ec3<br>b\u1ea1n th\u1ec3 hi\u1ec7n s\u1ef1 s\u00e1ng t\u1ea1o v\u00e0 t\u01b0\u1edfng t\u01b0\u1ee3ng c\u1ee7a m\u00ecnh tr\u00ean m\u00f3ng tay, nh\u01b0ng h\u00e3y duy tr\u00ec<br>phong c\u00e1ch ri\u00eang c\u1ee7a ch\u00ednh t\u00e1c gi\u1ea3.<\/li>\n\n\n\n<li>T\u00e1c ph\u1ea9m d\u1ef1 thi \u0111\u01b0\u1ee3c th\u1ec3 hi\u1ec7n b\u1eb1ng h\u00ecnh m\u00e0u.<\/li>\n\n\n\n<li>Tham gia cu\u1ed9c thi b\u1eb1ng c\u00e1ch ch\u1ee5p m\u1ed9t h\u00ecnh kh\u00f4ng c\u00f3 s\u1ef1 ph\u1ea3n chi\u1ebfu c\u1ee7a m\u1ed9t b\u00e0n tay.<br>(K\u00edch th\u01b0\u1edbc \u1ea3nh t\u1ed1i thi\u1ec3u 2MB \/ t\u1ed1i \u0111a 10MB.) B\u1ea1n c\u1ea7n cung c\u1ea5p m\u1ed9t b\u1ea3n t\u00f3m t\u1eaft vi\u1ebft<br>b\u1eb1ng ti\u1ebfng Anh, kh\u00f4ng qu\u00e1 30 t\u1eeb, k\u00e8m theo b\u1ee9c \u1ea3nh c\u1ee7a b\u1ea1n \u0111\u1ec3 m\u00f4 t\u1ea3 c\u00e1ch b\u1ea1n \u0111\u00e3 th\u1ef1c<br>hi\u1ec7n ki\u1ec3u t\u1ea1o n\u00e0y. \u0110i\u1ec1u n\u00e0y gi\u00fap gi\u00e1m kh\u1ea3o \u0111\u00e1nh gi\u00e1 \u0111\u1ed9 ph\u1ee9c t\u1ea1p v\u00e0 hi\u1ec3u h\u01a1n v\u1ec1 qu\u00e1<br>tr\u00ecnh ho\u00e0n th\u00e0nh ki\u1ec3u t\u1ea1o. G\u1eedi t\u1ea5t c\u1ea3 th\u00f4ng tin \u0111\u1ebfn \u0111\u1ecba ch\u1ec9 email i.voigt@signature-nail.com <br>tr\u01b0\u1edbc ng\u00e0y 01 th\u00e1ng 2 n\u0103m 2023. H\u00e3y ch\u00fa \u00fd \u0111\u1ebfn ch\u1ea5t l\u01b0\u1ee3ng h\u00ecnh \u1ea3nh v\u00e0 videoc\u00f3 \u0111\u1ed9 ph\u00e2n gi\u1ea3i cao. <br>N\u1ebfu c\u00f4ng tr\u00ecnh c\u1ee7a b\u1ea1n kh\u00f3 nh\u1eadn bi\u1ebft, ban gi\u00e1m kh\u1ea3o s\u1ebd kh\u00f4ng th\u1ec3 trao \u0111i\u1ec3m!<\/li>\n<\/ol>\n\n\n\n<ol start=\"8\" style=\"line-height:1.8\">\n<li>Ng\u01b0\u1eddi chi\u1ebfn th\u1eafng s\u1ebd \u0111\u01b0\u1ee3c c\u00f4ng b\u1ed1 th\u00f4ng qua m\u1ea1ng x\u00e3 h\u1ed9i, trang web v\u00e0\/ho\u1eb7c email<br>trong v\u00f2ng 2 tu\u1ea7n sau s\u1ef1 ki\u1ec7n Nailympia t\u1ea1i \u0110\u1ee9c.<\/li>\n\n\n\n<li>L\u01b0u \u00fd: \u0110i\u1ec3m s\u1ebd b\u1ecb tr\u1eeb n\u1ebfu b\u1ea1n kh\u00f4ng bao g\u1ed3m ph\u1ea7n mi\u00eau t\u1ea3 t\u00e1c ph\u1ea9m.<\/li>\n<\/ol>\n<\/div>\n","protected":false},"excerpt":{"rendered":"<p>\u25ba 1 HAND \/ 5 NAILS \/ NO FACES \/ OVER 2 INCHES LENGTH \/ THEME:<\/p>\n","protected":false},"author":1,"featured_media":0,"parent":455,"menu_order":5,"comment_status":"closed","ping_status":"closed","template":"wp-custom-template-main-pages","meta":{"footnotes":""},"featured_image_urls":{"full":"","thumbnail":"","medium":"","medium_large":"","large":"","gs-tiny":"","xl":"","xxl":"","xxxl":"","xxxxl":"","xxxxxl":"","1536x1536":"","2048x2048":""},"post_excerpt_stackable":"<p>\u25ba 1 HAND \/ 5 NAILS \/ NO FACES \/ OVER 2 INCHES LENGTH \/ THEME: L\u01afU \u00dd: Thi online \u2013 Ch\u1ee5p 1 t\u1ea5m h\u00ecnh r\u00f5 \u0111\u1eb9p. K\u00edch th\u01b0\u1edbc b\u1eb1ng kh\u1ed5 gi\u1ea5y A2 v\u00e0 gi\u1edbi thi\u1ec7ut\u00e1c ph\u1ea9m b\u1eb1ng ti\u1ebfng Anh d\u00e0i 30 t\u1eeb, g\u1edfi \u0111\u1ebfn Ban t\u1ed5 ch\u1ee9c Nailympia \u0110\u1ee9c tr\u01b0\u1edbc ng\u00e0y 1th\u00e1ng 2 n\u0103m 2023. T\u1ea5t c\u1ea3 c\u00e1c t\u00e1c ph\u1ea9m tham gia cu\u1ed9c thi \u0111\u1ea3m b\u1ea3o ch\u01b0a t\u1eebng tham gia Nailympia tr\u01b0\u1edbc \u0111\u00f3.T\u00e1c ph\u1ea9m d\u1ef1 thi ch\u1ec9 \u0111\u01b0\u1ee3c \u0111\u0103ng k\u00fd d\u1ef1 thi trong cu\u1ed9c thi n\u00e0y. T\u00e1c ph\u1ea9m ph\u1ea3i l\u00e0 \u1ea3nh g\u1ed1cch\u01b0a t\u1eebng \u0111\u01b0\u1ee3c c\u00f4ng b\u1ed1 ho\u1eb7c hi\u1ec3n th\u1ecb&hellip;<\/p>\n","category_list":"","author_info":{"name":"anhnguyen","url":"https:\/\/en.nailympia.asia\/index.php\/author\/anhnguyen\/"},"comments_num":"0 comments","aioseo_notices":[],"_links":{"self":[{"href":"https:\/\/en.nailympia.asia\/index.php\/wp-json\/wp\/v2\/pages\/486"}],"collection":[{"href":"https:\/\/en.nailympia.asia\/index.php\/wp-json\/wp\/v2\/pages"}],"about":[{"href":"https:\/\/en.nailympia.asia\/index.php\/wp-json\/wp\/v2\/types\/page"}],"author":[{"embeddable":true,"href":"https:\/\/en.nailympia.asia\/index.php\/wp-json\/wp\/v2\/users\/1"}],"replies":[{"embeddable":true,"href":"https:\/\/en.nailympia.asia\/index.php\/wp-json\/wp\/v2\/comments?post=486"}],"version-history":[{"count":8,"href":"https:\/\/en.nailympia.asia\/index.php\/wp-json\/wp\/v2\/pages\/486\/revisions"}],"predecessor-version":[{"id":499,"href":"https:\/\/en.nailympia.asia\/index.php\/wp-json\/wp\/v2\/pages\/486\/revisions\/499"}],"up":[{"embeddable":true,"href":"https:\/\/en.nailympia.asia\/index.php\/wp-json\/wp\/v2\/pages\/455"}],"wp:attachment":[{"href":"https:\/\/en.nailympia.asia\/index.php\/wp-json\/wp\/v2\/media?parent=486"}],"curies":[{"name":"wp","href":"https:\/\/api.w.org\/{rel}","templated":true}]}}