{"id":464,"date":"2023-10-11T05:59:37","date_gmt":"2023-10-11T05:59:37","guid":{"rendered":"https:\/\/en.nailympia.asia\/?page_id=464"},"modified":"2023-10-11T06:05:39","modified_gmt":"2023-10-11T06:05:39","slug":"french-twist-5-shape-challange","status":"publish","type":"page","link":"https:\/\/en.nailympia.asia\/index.php\/nailympia-vietnam-2024\/vietnam-nailympia-competition-2024\/rules-and-regulations\/online\/french-twist-5-shape-challange\/","title":{"rendered":"FRENCH TWIST \/ 5 SHAPE CHALLANGE"},"content":{"rendered":"\n<div class=\"wp-block-group is-layout-constrained wp-container-core-group-layout-1 wp-block-group-is-layout-constrained\">\n<h5 class=\"wp-block-heading\">\u25ba RIGHT HAND \/ 120 min<\/h5>\n\n\n\n<ol style=\"line-height:1.8\">\n<li>B\u1ea1n ph\u1ea3i t\u1ea1o ra 5 h\u00ecnh d\u00e1ng v\u00e0 ki\u1ec3u m\u00f3ng kh\u00e1c nhau tr\u00ean b\u00e0n tay PH\u1ea2I, m\u1ed7i m\u00f3ng d\u00e0i 2<br>inch t\u1eeb cuticle \u0111\u1ebfn \u0111i\u1ec3m cu\u1ed1i c\u1ee7a m\u00f3ng nh\u01b0 sau:<\/li>\n\n\n\n<li>Ng\u00f3n c\u00e1i: ki\u1ec3u French (ki\u1ec3u c\u1ed5 \u0111i\u1ec3n v\u1edbi m\u1ed9t b\u1ec1 m\u1eb7t m\u00f3ng trong su\u1ed1t ho\u1eb7c m\u1ed9t b\u1ec1 m\u1eb7t<br>m\u00f3ng m\u1edf r\u1ed9ng h\u01a1n ph\u1ee7 b\u1eb1ng l\u1edbp s\u01a1n b\u1ea1n mu\u1ed1n ch\u1ecdn).<\/li>\n\n\n\n<li>Ng\u00f3n \u00fat, ng\u00f3n \u00e1p \u00fat, ng\u00f3n gi\u1eefa v\u00e0 ng\u00f3n tr\u1ecf: Th\u00ed sinh c\u1ea7n t\u1ea1o ra m\u1ed9t thi\u1ebft k\u1ebf s\u1eed d\u1ee5ng k\u1ef9<br>thu\u1eadt French inlay tr\u00ean m\u00f3ng. \u0110i\u1ec1u \u0111\u1eb7c bi\u1ec7t l\u00e0 thi\u1ebft k\u1ebf n\u00e0y ph\u1ea3i bao g\u1ed3m m\u1ed9t \u0111\u01b0\u1eddng<br>smile line v\u00e0 ph\u1ea3i bao ph\u1ee7 to\u00e0n b\u1ed9 ph\u1ea7n \u0111\u1ec9nh ho\u1eb7c ph\u1ea7n m\u1edf r\u1ed9ng c\u1ee7a m\u00f3ng, c\u0169ng nh\u01b0 b\u1ec1<br>m\u1eb7t c\u1ee7a m\u00f3ng v\u00e0 ph\u1ea7n m\u1edf r\u1ed9ng. M\u00e0u s\u1eafc v\u00e0 h\u00ecnh d\u1ea1ng c\u1ee7a b\u1ec1 m\u1eb7t m\u00f3ng v\u00e0 ph\u1ea7n m\u1edf<br>r\u1ed9ng c\u00f3 th\u1ec3 \u0111\u01b0\u1ee3c t\u1ea1o ra b\u1eb1ng c\u00e1ch t\u1ea1o h\u00ecnh m\u00f3ng (sculpted) v\u00e0 s\u01a1n m\u00e0u theo s\u1ef1 s\u00e1ng t\u1ea1o<br>c\u1ee7a th\u00ed sinh, nh\u01b0ng \u0111\u01b0\u1eddng smile line ph\u1ea3i \u0111\u01b0\u1ee3c thi\u1ebft k\u1ebf theo ki\u1ec3u French.<\/li>\n\n\n\n<li>Hairline ( \u0110\u01b0\u1eddng t\u00f3c, kho\u1ea3ng c\u00e1ch t\u1eeb da \u0111\u1ebfn m\u00f3ng) ko d\u00e0y h\u01a1n 1 t\u1ea5m card.<\/li>\n\n\n\n<li>Kh\u00f4ng thi\u1ebft k\u1ebf tr\u00ean m\u00f3ng. Thay v\u00e0o \u0111\u00f3, t\u1ea5t c\u1ea3 chi ti\u1ebft thi\u1ebft k\u1ebf ph\u1ea3i \u0111\u01b0\u1ee3c t\u1ea1o ra ho\u1eb7c t\u1ea1o<br>form nh\u01b0 m\u1ed9t l\u1edbp inlay b\u00ean trong c\u1ee7a m\u00f3ng. B\u1ec1 m\u1eb7t c\u1ee7a m\u00f3ng ph\u1ea3i \u0111\u01b0\u1ee3c x\u1eed l\u00fd m\u1ecbn v\u00e0<br>b\u00f3ng.<\/li>\n\n\n\n<li>B\u1ea3ng m\u00e0u s\u1eafc: \u0111\u01b0\u1ee3c ph\u00e9p s\u1eed d\u1ee5ng t\u1ea5t c\u1ea3 c\u00e1c m\u00e0u s\u1eafc trong c\u00e1c ki\u1ec3u \u0111\u1eafp form (Gel<br>LED\/UV, Acrylic ho\u1eb7c Hybrid Gel), k\u1ebft h\u1ee3p m\u00e0u s\u1eafc t\u00f9y \u00fd.<\/li>\n\n\n\n<li>Th\u00ed sinh \u0111\u01b0\u1ee3c y\u00eau c\u1ea7u \u0111\u1eafp form tr\u00ean tay PH\u1ea2I c\u1ee7a ng\u01b0\u1eddi m\u1eabu b\u1eb1ng L&amp;P acrylic, gel<br>c\u1ee9ng ho\u1eb7c Hybrid Gel.<\/li>\n\n\n\n<li>Th\u00ed sinh c\u00f3 120 ph\u00fat \u0111\u1ec3 ho\u00e0n th\u00e0nh.<\/li>\n\n\n\n<li>KH\u00d4NG s\u1eed d\u1ee5ng n\u01b0\u1edbc s\u01a1n th\u01b0\u1eddng ho\u1eb7c gel.<\/li>\n\n\n\n<li>KH\u00d4NG \u0111\u01b0\u1ee3c tr\u1ed9n s\u1eb5n m\u00e0u tr\u01b0\u1edbc . T\u1ea5t c\u1ea3 s\u1ea3n ph\u1ea9m \u0111\u1eafp form b\u00ean trong bao b\u00ec g\u1ed1c \u2013 v\u1edbi<br>nh\u00e3n \u0111\u00fang r\u00f5 r\u00e0ng.<\/li>\n\n\n\n<li>Th\u00ed sinh c\u00f3 th\u1ec3 s\u1eed d\u1ee5ng c\u00e1c s\u1ea3n ph\u1ea9m nh\u01b0 kem d\u01b0\u1ee1ng da, lotion, d\u1ea7u ho\u1eb7c c\u00e1c s\u1ea3n ph\u1ea9m<br>kh\u00f4 m\u00f3ng \u0111\u1ec3 ch\u0103m s\u00f3c tay v\u00e0 m\u00f3ng tay c\u1ee7a ng\u01b0\u1eddi m\u1eabu. Tuy nhi\u00ean, n\u1ebfu h\u1ecd s\u1eed d\u1ee5ng qu\u00e1<br>nhi\u1ec1u kem ho\u1eb7c d\u1ea7u \u0111\u1ebfn m\u1ee9c l\u00e0m cho tay v\u00e0 m\u00f3ng tr\u1edf n\u00ean qu\u00e1 b\u00f3ng, \u0111i\u1ec3m s\u1ed1 s\u1ebd b\u1ecb tr\u1eeb.<br>Ngo\u00e0i ra, n\u1ebfu sau khi h\u1ebft gi\u1edd , th\u00ed sinh s\u1eed d\u1ee5ng b\u1ea5t k\u1ef3 s\u1ea3n ph\u1ea9m n\u00e0o \u0111\u1ec3 l\u00e0m s\u1ea1ch tay v\u00e0<br>m\u00f3ng, th\u00ed sinh s\u1ebd b\u1ecb lo\u1ea1i ngay l\u1eadp t\u1ee9c kh\u1ecfi cu\u1ed9c thi.<\/li>\n\n\n\n<li>C\u00e1c ng\u01b0\u1eddi m\u1eabu c\u0169ng kh\u00f4ng \u0111\u01b0\u1ee3c ph\u00e9p \u0111\u1eb7t ng\u00f3n tay v\u00e0o mi\u1ec7ng ho\u1eb7c xoa ng\u00f3n tay v\u00e0o<br>qu\u1ea7n \u00e1o c\u1ee7a ng\u01b0\u1eddi m\u1eabu sau khi t\u1ea1o m\u00f3ng \u0111\u1ec3 \u0111\u1ea3m b\u1ea3o t\u00ednh chuy\u00ean nghi\u1ec7p v\u00e0 v\u1ec7 sinh trong<br>qu\u00e1 tr\u00ecnh cu\u1ed9c thi.<\/li>\n\n\n\n<li>C\u00f3 th\u1ec3 r\u1eeda tay b\u1eb1ng n\u01b0\u1edbc v\u00e0 x\u00e0 ph\u00f2ng sau khi th\u00ed sinh ho\u00e0n th\u00e0nh<\/li>\n\n\n\n<li>KH\u00d4NG s\u1eed d\u1ee5ng tips.<\/li>\n\n\n\n<li>V\u1edbi m\u00f4n sculpture ( m\u00f3ng form ) ch\u1ec9 \u0111\u01b0\u1ee3c cho ph\u00e9p s\u1eed d\u1ee5ng \u0110\u00daNG CH\u00cdNH X\u00c1C 15<br>c\u00e1i form. C\u00e1c gi\u00e1m kh\u1ea3o s\u1ebd ki\u1ec3m tra k\u1ef9 l\u01b0\u1ee1ng t\u1eebng m\u1eabu m\u00f3ng \u0111\u1ea3m b\u1ea3o kh\u00f4ng c\u00f3 s\u1ef1<br>chu\u1ea9n b\u1ecb tr\u01b0\u1edbc.<\/li>\n\n\n\n<li>Trong ph\u1ea7n thi n\u00e0y , KH\u00d4NG \u0111\u01b0\u1ee3c s\u1eed d\u1ee5ng keo d\u00e1n (adhesive) v\u00e0 kh\u00f4ng \u0111\u01b0\u1ee3c \u0111\u1ec3 keo<br>d\u00e1n tr\u00ean b\u00e0n.<\/li>\n\n\n\n<li>\u0110\u01b0\u1ee3c s\u1eed d\u1ee5ng m\u00e0i m\u00f3ng.<\/li>\n\n\n\n<li>Th\u00ed sinh t\u1ef1 trang b\u1ecb \u0111\u00e8n b\u00e0n.<\/li>\n\n\n\n<li>Th\u00ed sinh t\u1ef1 trang b\u1ecb \u0111\u00e8n UV ho\u1eb7c \u0110\u00e8n LED.<\/li>\n\n\n\n<li>\u0110\u1ed1i v\u1edbi \u0111\u1eafp form m\u00f3ng \u0111\u01b0\u1ee3c t\u1ea1o h\u00ecnh b\u1eb1ng Gel c\u1ee9ng (Hard Gel) v\u00e0 Gel Hybrid, c\u00f3 th\u1ec3<br>s\u1eed d\u1ee5ng Top Gel \u0111\u1ec3 ho\u00e0n thi\u1ec7n. \u0110\u1ed1i v\u1edbi m\u00f3ng \u0111\u01b0\u1ee3c t\u1ea1o h\u00ecnh b\u1eb1ng Acrylic, c\u1ea7n ph\u1ea3i d\u00f9ng<br>buffed \u0111\u1ec3 l\u00e0m m\u1ecbn v\u00e0 b\u00f3ng b\u1ec1 m\u1eb7t m\u00f3ng.<\/li>\n\n\n\n<li>Ch\u1ec9 c\u00f3 th\u1ec3 s\u1eed d\u1ee5ng UV\/LED hard gels, Acrylic\/L&amp;P ho\u1eb7c Hybrid Gels<\/li>\n\n\n\n<li>H\u00e3y \u0111\u1ecdc k\u1ef9 b\u1ea3ng t\u00ednh \u0111i\u1ec3m. Ki\u1ec3m tra c\u00e1ch ch\u1ea5m \u0111i\u1ec3m. \u0110i\u1ec1u n\u00e0y s\u1ebd gi\u00fap b\u1ea1n x\u00e1c \u0111\u1ecbnh<br>th\u1eddi gian v\u00e0 \u0111\u1ea1t \u0111\u01b0\u1ee3c \u0111i\u1ec3m t\u1ed1i \u0111a.<\/li>\n\n\n\n<li>Kh\u00f4ng \u0111\u01b0\u1ee3c s\u1eed d\u1ee5ng b\u1ea5t k\u1ef3 c\u00f4ng c\u1ee5 \u0111\u1ec3 h\u1ed7 tr\u1ee3 t\u1ea1o \u0111\u01b0\u1eddng smile lines. \u0110\u01b0\u1eddng smile lines<br>ph\u1ea3i \u0111\u01b0\u1ee3c t\u1ea1o ra b\u1eb1ng c\u1ecd v\u00e0\/ho\u1eb7c b\u1eb1ng tay. (KH\u00d4NG \u0111\u01b0\u1ee3c ph\u00e9p s\u1eed d\u1ee5ng b\u1ea5t k\u1ef3 c\u00f4ng c\u1ee5<br>c\u1eaft n\u00e0o).<\/li>\n\n\n\n<li>Kh\u00f4ng \u0111\u01b0\u1ee3c s\u1eed d\u1ee5ng foil, glitter, \u0111\u00e1 rhinestone, ho\u1eb7c stamping. C\u1ea5m s\u1eed d\u1ee5ng decal, c\u00e1c<br>m\u1eabu \u0111\u01b0\u1ee3c thi\u1ebft k\u1ebf s\u1eb5n ho\u1eb7c \u1ea3nh \u0111\u01b0\u1ee3c in s\u1eb5n tr\u00ean m\u00f3ng.<\/li>\n\n\n\n<li>Tr\u01b0\u1edbc khi cu\u1ed9c thi b\u1eaft \u0111\u1ea7u , th\u00ed sinh KH\u00d4NG \u0111\u01b0\u1ee3c ch\u1ea1m ho\u1eb7c chu\u1ea9n b\u1ecb s\u1eb5n s\u1ea3n ph\u1ea9m.<\/li>\n<\/ol>\n\n\n\n<ol><\/ol>\n<\/div>\n","protected":false},"excerpt":{"rendered":"<p>\u25ba RIGHT HAND \/ 120 min<\/p>\n","protected":false},"author":1,"featured_media":0,"parent":455,"menu_order":2,"comment_status":"closed","ping_status":"closed","template":"wp-custom-template-main-pages","meta":{"footnotes":""},"featured_image_urls":{"full":"","thumbnail":"","medium":"","medium_large":"","large":"","gs-tiny":"","xl":"","xxl":"","xxxl":"","xxxxl":"","xxxxxl":"","1536x1536":"","2048x2048":""},"post_excerpt_stackable":"<p>\u25ba RIGHT HAND \/ 120 min B\u1ea1n ph\u1ea3i t\u1ea1o ra 5 h\u00ecnh d\u00e1ng v\u00e0 ki\u1ec3u m\u00f3ng kh\u00e1c nhau tr\u00ean b\u00e0n tay PH\u1ea2I, m\u1ed7i m\u00f3ng d\u00e0i 2inch t\u1eeb cuticle \u0111\u1ebfn \u0111i\u1ec3m cu\u1ed1i c\u1ee7a m\u00f3ng nh\u01b0 sau: Ng\u00f3n c\u00e1i: ki\u1ec3u French (ki\u1ec3u c\u1ed5 \u0111i\u1ec3n v\u1edbi m\u1ed9t b\u1ec1 m\u1eb7t m\u00f3ng trong su\u1ed1t ho\u1eb7c m\u1ed9t b\u1ec1 m\u1eb7tm\u00f3ng m\u1edf r\u1ed9ng h\u01a1n ph\u1ee7 b\u1eb1ng l\u1edbp s\u01a1n b\u1ea1n mu\u1ed1n ch\u1ecdn). Ng\u00f3n \u00fat, ng\u00f3n \u00e1p \u00fat, ng\u00f3n gi\u1eefa v\u00e0 ng\u00f3n tr\u1ecf: Th\u00ed sinh c\u1ea7n t\u1ea1o ra m\u1ed9t thi\u1ebft k\u1ebf s\u1eed d\u1ee5ng k\u1ef9thu\u1eadt French inlay tr\u00ean m\u00f3ng. \u0110i\u1ec1u \u0111\u1eb7c bi\u1ec7t l\u00e0 thi\u1ebft k\u1ebf n\u00e0y ph\u1ea3i bao g\u1ed3m m\u1ed9t \u0111\u01b0\u1eddngsmile&hellip;<\/p>\n","category_list":"","author_info":{"name":"anhnguyen","url":"https:\/\/en.nailympia.asia\/index.php\/author\/anhnguyen\/"},"comments_num":"0 comments","aioseo_notices":[],"_links":{"self":[{"href":"https:\/\/en.nailympia.asia\/index.php\/wp-json\/wp\/v2\/pages\/464"}],"collection":[{"href":"https:\/\/en.nailympia.asia\/index.php\/wp-json\/wp\/v2\/pages"}],"about":[{"href":"https:\/\/en.nailympia.asia\/index.php\/wp-json\/wp\/v2\/types\/page"}],"author":[{"embeddable":true,"href":"https:\/\/en.nailympia.asia\/index.php\/wp-json\/wp\/v2\/users\/1"}],"replies":[{"embeddable":true,"href":"https:\/\/en.nailympia.asia\/index.php\/wp-json\/wp\/v2\/comments?post=464"}],"version-history":[{"count":7,"href":"https:\/\/en.nailympia.asia\/index.php\/wp-json\/wp\/v2\/pages\/464\/revisions"}],"predecessor-version":[{"id":472,"href":"https:\/\/en.nailympia.asia\/index.php\/wp-json\/wp\/v2\/pages\/464\/revisions\/472"}],"up":[{"embeddable":true,"href":"https:\/\/en.nailympia.asia\/index.php\/wp-json\/wp\/v2\/pages\/455"}],"wp:attachment":[{"href":"https:\/\/en.nailympia.asia\/index.php\/wp-json\/wp\/v2\/media?parent=464"}],"curies":[{"name":"wp","href":"https:\/\/api.w.org\/{rel}","templated":true}]}}