{"id":459,"date":"2023-10-11T05:52:16","date_gmt":"2023-10-11T05:52:16","guid":{"rendered":"https:\/\/en.nailympia.asia\/?page_id=459"},"modified":"2023-10-11T06:30:38","modified_gmt":"2023-10-11T06:30:38","slug":"runway-nails","status":"publish","type":"page","link":"https:\/\/en.nailympia.asia\/index.php\/nailympia-vietnam-2024\/vietnam-nailympia-competition-2024\/rules-and-regulations\/online\/runway-nails\/","title":{"rendered":"RUNWAY NAILS"},"content":{"rendered":"\n<div class=\"wp-block-group is-layout-constrained wp-container-core-group-layout-1 wp-block-group-is-layout-constrained\">\n<h5 class=\"wp-block-heading\"><strong>3 FULL COVER NAIL TIPS \/ THEME: VIKING<\/strong><\/h5>\n\n\n\n<ul>\n<li>Trang tr\u00ed 3 ng\u00f3n tay gi\u1ea3 b\u1eb1ng m\u00f3ng \u0111\u1ea7y \u0111\u1ee7 v\u1edbi Ch\u1ee7 \u0111\u1ec1 Viking.<\/li>\n\n\n\n<li>C\u00e1c th\u00ed sinh ph\u1ea3i thi\u1ebft k\u1ebf 3 m\u1eabu m\u00f3ng kh\u00e1c nhau, t\u00f4n l\u00ean v\u00e0 di\u1ec5n \u0111\u1ea1t ch\u1ee7 \u0111\u1ec1 n\u00e0y.<\/li>\n\n\n\n<li>Ba m\u1eabu m\u00f3ng n\u00e0y ph\u1ea3i \u0111\u01b0\u1ee3c tr\u01b0ng b\u00e0y m\u1ed9t c\u00e1ch \u0111\u01a1n gi\u1ea3n \u0111\u00ednh k\u00e8m l\u1eddi gi\u1ea3i th\u00edch ng\u1eafn<br>g\u1ecdn ho\u1eb7c b\u1ea3n v\u1ebd minh h\u1ecda v\u1ec1 c\u00e1ch thi\u1ebft k\u1ebf li\u00ean quan \u0111\u1ebfn ch\u1ee7 \u0111\u1ec1.<\/li>\n\n\n\n<li>B\u1ea3ng \u0111\u1ef1ng s\u1ea3n ph\u1ea9m ph\u1ea3i ph\u1eb3ng v\u00e0 kh\u00f4ng c\u00f3 c\u1ea1nh (kh\u00f4ng ph\u1ea3i l\u00e0 h\u1ed9p ho\u1eb7c kh\u00f4ng 3D),<br>kh\u00f4ng v\u01b0\u1ee3t qu\u00e1 k\u00edch th\u01b0\u1edbc A4 (8&#215;12&#8243;). N\u00ean s\u1eed d\u1ee5ng b\u1ea3ng b\u1ecdt bi\u1ec3n ho\u1eb7c b\u1ea3ng c\u1ee9ng \u0111\u1ec3<br>gi\u1eef cho b\u1ea3ng v\u1eefng ch\u1eafc. C\u00e1c m\u1eabu m\u00f3ng ph\u1ea3i \u0111\u01b0\u1ee3c d\u00e1n v\u00e0o b\u1ea3ng n\u00e0y.<\/li>\n\n\n\n<li>KC\u00e1c th\u00ed sinh c\u00f3 th\u1ec3 s\u1eed d\u1ee5ng B\u1ea4T K\u1ef2 v\u1eadt li\u1ec7u ph\u00f9 h\u1ee3p n\u00e0o ho\u1eb7c c\u00f3 th\u1ec3 l\u00e0 s\u1ef1 k\u1ebft h\u1ee3p c\u1ee7a<br>c\u00e1c s\u1ea3n ph\u1ea9m m\u00f3ng tay v\u00e0 c\u00e1c v\u1eadt li\u1ec7u kh\u00e1c.<\/li>\n\n\n\n<li>C\u00e1c thi\u1ebft k\u1ebf ph\u1ea3i d\u1ec5 d\u00e0ng, nhanh ch\u00f3ng v\u00e0 c\u00f3 t\u00ednh t\u00e1i t\u1ea1o (v\u00ed d\u1ee5 : c\u1ea7n ph\u1ea3i t\u1ea1o ra h\u00e0ng<br>tr\u0103m chi\u1ebfc cho m\u1ed9t show th\u1eddi trang).<\/li>\n\n\n\n<li>L\u01b0u \u00fd r\u1eb1ng tr\u1ecdng t\u00e2m ch\u00ednh c\u1ee7a m\u1ed9t show th\u1eddi trang l\u00e0 b\u1ed9 s\u01b0u t\u1eadp c\u1ee7a ng\u01b0\u1eddi thi\u1ebft k\u1ebf.<br>M\u00f3ng tay c\u00f3 th\u1ec3 l\u00e0 m\u1ed9t ph\u1ee5 ki\u1ec7n &#8220;\u0111\u1eb7c bi\u1ec7t&#8221; nh\u01b0ng kh\u00f4ng n\u00ean l\u00e0m m\u1ea5t \u0111i s\u1ef1 ch\u00fa \u00fd c\u1ee7a<br>to\u00e0n b\u1ed9 trang ph\u1ee5c.<\/li>\n\n\n\n<li>M\u00f3ng tay trong m\u1ed9t bu\u1ed5i tr\u00ecnh di\u1ec5n th\u1eddi trang th\u01b0\u1eddng \u0111\u01b0\u1ee3c ch\u1ee5p g\u1ea7n \u0111\u1ec3 c\u00f3 c\u00e1c b\u1ee9c \u1ea3nh<br>r\u00f5 v\u00e0 \u0111\u1eb9p.<\/li>\n\n\n\n<li>C\u00e1c thi\u1ebft k\u1ebf m\u00f3ng tay ho\u00e0n thi\u1ec7n bao g\u1ed3m y\u00eau c\u1ea7u h\u00ecnh d\u00e1ng v\u00e0 chi\u1ec1u d\u00e0i ph\u00f9 h\u1ee3p.<\/li>\n\n\n\n<li>Tham gia &#8211; \u0110\u1eb7t ba m\u1eabu m\u00f3ng tr\u00ean b\u1ea3ng \u0111\u1ef1ng s\u1ea3n ph\u1ea9m v\u00e0 ch\u1ee5p \u1ea3nh. Sau \u0111\u00f3, ch\u1ee5p \u1ea3nh<br>t\u1eebng m\u1eabu m\u00f3ng m\u1ed9t. B\u00e0i d\u1ef1 thi c\u00f3 t\u1ed5ng c\u1ed9ng 4 \u1ea3nh (k\u00edch th\u01b0\u1edbc \u1ea3nh t\u1ed1i thi\u1ec3u 2MB &#8211; t\u1ed1i \u0111a<br>10MB). Ghi l\u1ea1i m\u1ed9t video 10 gi\u00e2y qu\u00e9t qua c\u00e1c m\u1eabu m\u00f3ng. G\u1eedi t\u1ea5t c\u1ea3 th\u00f4ng tin \u0111\u1ebfn<br>i.voigt@signature-nail.com tr\u01b0\u1edbc ng\u00e0y 01 th\u00e1ng 2 n\u0103m 2023.<br>\u25ba Ch\u00fa \u00fd \u0111\u1ebfn ch\u1ea5t l\u01b0\u1ee3ng h\u00ecnh \u1ea3nh v\u00e0 video \u0111\u1ed9 ph\u00e2n gi\u1ea3i cao. N\u1ebfu ch\u1ea5t l\u01b0\u1ee3ng \u1ea3nh kh\u00f4ng<br>\u0111\u1ea3m b\u1ea3o, ban gi\u00e1m kh\u1ea3o s\u1ebd kh\u00f4ng th\u1ec3 trao \u0111i\u1ec3m!<\/li>\n\n\n\n<li>Ng\u01b0\u1eddi chi\u1ebfn th\u1eafng s\u1ebd \u0111\u01b0\u1ee3c c\u00f4ng b\u1ed1 th\u00f4ng qua m\u1ea1ng x\u00e3 h\u1ed9i, trang web ho\u1eb7c email trong<br>v\u00f2ng 2 tu\u1ea7n sau s\u1ef1 ki\u1ec7n Nailympia t\u1ea1i \u0110\u1ee9c.<\/li>\n<\/ul>\n<\/div>\n","protected":false},"excerpt":{"rendered":"<p>3 FULL COVER NAIL TIPS \/ THEME: VIKING<\/p>\n","protected":false},"author":1,"featured_media":0,"parent":455,"menu_order":0,"comment_status":"closed","ping_status":"closed","template":"wp-custom-template-main-pages","meta":{"footnotes":""},"featured_image_urls":{"full":"","thumbnail":"","medium":"","medium_large":"","large":"","gs-tiny":"","xl":"","xxl":"","xxxl":"","xxxxl":"","xxxxxl":"","1536x1536":"","2048x2048":""},"post_excerpt_stackable":"<p>3 FULL COVER NAIL TIPS \/ THEME: VIKING Trang tr\u00ed 3 ng\u00f3n tay gi\u1ea3 b\u1eb1ng m\u00f3ng \u0111\u1ea7y \u0111\u1ee7 v\u1edbi Ch\u1ee7 \u0111\u1ec1 Viking. C\u00e1c th\u00ed sinh ph\u1ea3i thi\u1ebft k\u1ebf 3 m\u1eabu m\u00f3ng kh\u00e1c nhau, t\u00f4n l\u00ean v\u00e0 di\u1ec5n \u0111\u1ea1t ch\u1ee7 \u0111\u1ec1 n\u00e0y. Ba m\u1eabu m\u00f3ng n\u00e0y ph\u1ea3i \u0111\u01b0\u1ee3c tr\u01b0ng b\u00e0y m\u1ed9t c\u00e1ch \u0111\u01a1n gi\u1ea3n \u0111\u00ednh k\u00e8m l\u1eddi gi\u1ea3i th\u00edch ng\u1eafng\u1ecdn ho\u1eb7c b\u1ea3n v\u1ebd minh h\u1ecda v\u1ec1 c\u00e1ch thi\u1ebft k\u1ebf li\u00ean quan \u0111\u1ebfn ch\u1ee7 \u0111\u1ec1. B\u1ea3ng \u0111\u1ef1ng s\u1ea3n ph\u1ea9m ph\u1ea3i ph\u1eb3ng v\u00e0 kh\u00f4ng c\u00f3 c\u1ea1nh (kh\u00f4ng ph\u1ea3i l\u00e0 h\u1ed9p ho\u1eb7c kh\u00f4ng 3D),kh\u00f4ng v\u01b0\u1ee3t qu\u00e1 k\u00edch th\u01b0\u1edbc A4 (8&#215;12&#8243;). N\u00ean s\u1eed d\u1ee5ng b\u1ea3ng&hellip;<\/p>\n","category_list":"","author_info":{"name":"anhnguyen","url":"https:\/\/en.nailympia.asia\/index.php\/author\/anhnguyen\/"},"comments_num":"0 comments","aioseo_notices":[],"_links":{"self":[{"href":"https:\/\/en.nailympia.asia\/index.php\/wp-json\/wp\/v2\/pages\/459"}],"collection":[{"href":"https:\/\/en.nailympia.asia\/index.php\/wp-json\/wp\/v2\/pages"}],"about":[{"href":"https:\/\/en.nailympia.asia\/index.php\/wp-json\/wp\/v2\/types\/page"}],"author":[{"embeddable":true,"href":"https:\/\/en.nailympia.asia\/index.php\/wp-json\/wp\/v2\/users\/1"}],"replies":[{"embeddable":true,"href":"https:\/\/en.nailympia.asia\/index.php\/wp-json\/wp\/v2\/comments?post=459"}],"version-history":[{"count":3,"href":"https:\/\/en.nailympia.asia\/index.php\/wp-json\/wp\/v2\/pages\/459\/revisions"}],"predecessor-version":[{"id":1030,"href":"https:\/\/en.nailympia.asia\/index.php\/wp-json\/wp\/v2\/pages\/459\/revisions\/1030"}],"up":[{"embeddable":true,"href":"https:\/\/en.nailympia.asia\/index.php\/wp-json\/wp\/v2\/pages\/455"}],"wp:attachment":[{"href":"https:\/\/en.nailympia.asia\/index.php\/wp-json\/wp\/v2\/media?parent=459"}],"curies":[{"name":"wp","href":"https:\/\/api.w.org\/{rel}","templated":true}]}}